{"id":6,"date":"2013-07-02T11:33:22","date_gmt":"2013-07-02T09:33:22","guid":{"rendered":"http:\/\/giveachance.de\/?page_id=6"},"modified":"2023-07-31T13:05:52","modified_gmt":"2023-07-31T11:05:52","slug":"helfen-mal-anders","status":"publish","type":"page","link":"https:\/\/giveachance.de\/","title":{"rendered":"Helfen mal anders"},"content":{"rendered":"<p><span style=\"font-size: medium;\"><span style=\"color: #ff6600;\"><em>&#8222;Wenn aus Gr\u00fcnden des Mitgef\u00fchls etwas getan werden mu\u00df, um Unrecht gutzumachen, dann ist es f\u00fcr jemand, der wirklich bem\u00fcht ist, anderen zu helfen, nicht genug, lediglich Mitleid zu empfinden. Daraus entsteht kein direkter Nutzen. Jemand mit Mitgef\u00fchl mu\u00df sich engagieren und einmischen.&#8220;\u00a0\u00a0\u00a0\u00a0\u00a0\u00a0\u00a0\u00a0 <\/em><\/span><span style=\"color: #ff6600;\"><em>~ Dalai-Lama<\/em><\/span><\/span><\/p>\n<p style=\"text-align: center; font-size: medium;\"><span style=\"color: #ff6600;\"><strong><img loading=\"lazy\" decoding=\"async\" class=\"wp-image-342 aligncenter\" src=\"http:\/\/giveachance.de\/wp-content\/uploads\/2013\/07\/Startbbild.jpg\" alt=\"Startbbild\" width=\"1183\" height=\"278\" srcset=\"https:\/\/giveachance.de\/wp-content\/uploads\/2013\/07\/Startbbild.jpg 1183w, https:\/\/giveachance.de\/wp-content\/uploads\/2013\/07\/Startbbild-300x70.jpg 300w, https:\/\/giveachance.de\/wp-content\/uploads\/2013\/07\/Startbbild-1024x240.jpg 1024w\" sizes=\"auto, (max-width: 1183px) 100vw, 1183px\" \/><\/strong><\/span><\/p>\n<h6 style=\"text-align: left;\"><span style=\"color: #ff6600;\"><strong>Wer ich bin. <\/strong><\/span>Mein Name ist <em>Viktor Wlasenko<\/em>, ich bin Architekt im Ruhestand.<br \/>\n<span style=\"color: #ff6600;\"><strong>Was ich mache.<\/strong><\/span> Ich plane und baue Schulen in S\u00fcdostasien und unterst\u00fctze Jugendliche bei Ihrer Berufsausbildung. Und zwar unendgeltlich.<br \/>\n<span style=\"color: #ff6600;\"><strong>Warum ich das tue.<\/strong><\/span> Weil ich mit meiner Arbeit helfen will und sehr gut helfen kann.<\/h6>\n<hr \/>\n<p><span style=\"font-size: medium;\"><img loading=\"lazy\" decoding=\"async\" class=\"alignright wp-image-115182\" src=\"http:\/\/giveachance.de\/wp-content\/uploads\/2013\/07\/Karte-Neu-1-254x300.jpg\" alt=\"Karte S\u00fcdostasien\" width=\"350\" height=\"413\" srcset=\"https:\/\/giveachance.de\/wp-content\/uploads\/2013\/07\/Karte-Neu-1-254x300.jpg 254w, https:\/\/giveachance.de\/wp-content\/uploads\/2013\/07\/Karte-Neu-1-768x907.jpg 768w, https:\/\/giveachance.de\/wp-content\/uploads\/2013\/07\/Karte-Neu-1.jpg 855w\" sizes=\"auto, (max-width: 350px) 100vw, 350px\" \/><\/span>2008 hat ein schrecklicher Sturm Myanmar \u00fcberflutet, ihre H\u00e4user zerst\u00f6rt und viele Opfer hinterlassen.<\/p>\n<p>Damals hat fast niemand mehr daran geglaubt, dass jemals wieder Normalit\u00e4t zur\u00fcckkehren wird. Als ich von dem schlimmen Schicksal der Menschen im Irrawaddy Delta erfahren habe, hat dies mein Herz ger\u00fchrt und ich habe spontan beschlossen zu helfen.<\/p>\n<p>Viele Organisationen wollten helfen, immerhin war es der f\u00fcrchterlichste Sturm seit Menschen gedenken, mit fast 150.000 Toten und vielen zur\u00fcckgebliebenen Waisenkindern, aber nur wenige waren dazu in der Lage. Die damalige Milit\u00e4rdiktatur hatte Angst pl\u00f6tzlich so viele fremde Menschen ins Land zu lassen. Viele kamen auch mit schweren Ger\u00e4ten an und versanken im Schlamm. Fast alle Boote waren zerst\u00f6rt oder schwer besch\u00e4digt so dass man die Betroffenen nur m\u00fchsam erreichen konnte.<\/p>\n<p>Einige schafften es aber doch, die zum Beispiel zusammen mit deutschen \u00c4rzten ein noch intaktes Schiff klar machten und mit Hilfsg\u00fctern voll beladen in die \u00fcberfluteten D\u00f6rfer fuhren.<\/p>\n<p>Aus meinem bisherigen, rein finanziellem Engagement wurde nun ein pers\u00f6nliches, f\u00fcr die Menschen im Irrawaddy Delta und Laos.<\/p>\n<p>Mit Hilfe vieler Spender, Freunde und Partnern sowie einigen Aktivit\u00e4ten wie z.B. Golfturnieren konnten:<\/p>\n<p>17 Schulen gebaut werden. 1 weitere Schule ist in Vorbereitung und wird 2023 er\u00f6ffnet.<\/p>\n<p>Vielen Kranken \u00e4rztlich geholfen und mit Medikamenten versorgt werden.<\/p>\n<p>41 Buben und M\u00e4dchen erhielten eine Berufsausbildung zum Schlosser, Elektriker, Schreiner, Schneiderin, Friseurin und K\u00f6chin und konnten somit f\u00fcr den Unterhalt ihrer ganzen Familie aufkommen. Einige von ihnen bekamen nach Abschluss ihrer Lehre eine Werkstattausr\u00fcstung und einen kleinen Kredit und konnten sich somit erfolgreich selbstst\u00e4ndig machen.<\/p>\n<p>20 Kinder mit Missbildungen wie Gaumenspalten oder mit schweren Verbrennungen konnten erfolgreich operiert werden und k\u00f6nnen jetzt ein normales, menschenw\u00fcrdiges Leben f\u00fchren.<\/p>\n<p>Sehr armen Familien und Familien mit behinderten Kindern konnte dauerhaft geholfen werden.<\/p>\n<p>Ein Dorf mit Wasser versorgt werden u.v.m.<\/p>\n<p>Die Hilfe erfolgt (mit wenigen Ausnahmen) stets als <strong>Hilfe zur Selbsthilfe<\/strong><\/p>\n<div id=\"attachment_114903\" style=\"width: 710px\" class=\"wp-caption alignnone\"><img loading=\"lazy\" decoding=\"async\" aria-describedby=\"caption-attachment-114903\" class=\"wp-image-114903 size-large\" src=\"http:\/\/giveachance.de\/wp-content\/uploads\/2013\/07\/DSC00588-1024x576.jpg\" alt=\"So bauen die Dorfbewohner Ihre Schule, soweit es Ihnen m\u00f6glich ist, selbst.\" width=\"700\" height=\"394\" srcset=\"https:\/\/giveachance.de\/wp-content\/uploads\/2013\/07\/DSC00588-1024x576.jpg 1024w, https:\/\/giveachance.de\/wp-content\/uploads\/2013\/07\/DSC00588-300x169.jpg 300w, https:\/\/giveachance.de\/wp-content\/uploads\/2013\/07\/DSC00588-768x432.jpg 768w\" sizes=\"auto, (max-width: 700px) 100vw, 700px\" \/><p id=\"caption-attachment-114903\" class=\"wp-caption-text\">So bauen die Dorfbewohner Ihre Schule, soweit es Ihnen m\u00f6glich ist, selbst.<\/p><\/div>\n<hr \/>\n<h1 style=\"text-align: center;\">Give a Chance.<\/h1>\n<h1 style=\"text-align: center;\">Helfen Sie mit.<\/h1>\n","protected":false},"excerpt":{"rendered":"<p>&#8222;Wenn aus Gr\u00fcnden des Mitgef\u00fchls etwas getan werden mu\u00df, um Unrecht gutzumachen, dann ist es f\u00fcr jemand, der wirklich bem\u00fcht ist, anderen zu helfen, nicht genug, lediglich Mitleid zu empfinden. Daraus entsteht kein direkter Nutzen. Jemand mit Mitgef\u00fchl mu\u00df sich&hellip; <\/p>\n","protected":false},"author":1,"featured_media":0,"parent":0,"menu_order":0,"comment_status":"closed","ping_status":"open","template":"","meta":{"footnotes":""},"class_list":["post-6","page","type-page","status-publish","hentry"],"_links":{"self":[{"href":"https:\/\/giveachance.de\/index.php?rest_route=\/wp\/v2\/pages\/6","targetHints":{"allow":["GET"]}}],"collection":[{"href":"https:\/\/giveachance.de\/index.php?rest_route=\/wp\/v2\/pages"}],"about":[{"href":"https:\/\/giveachance.de\/index.php?rest_route=\/wp\/v2\/types\/page"}],"author":[{"embeddable":true,"href":"https:\/\/giveachance.de\/index.php?rest_route=\/wp\/v2\/users\/1"}],"replies":[{"embeddable":true,"href":"https:\/\/giveachance.de\/index.php?rest_route=%2Fwp%2Fv2%2Fcomments&post=6"}],"version-history":[{"count":41,"href":"https:\/\/giveachance.de\/index.php?rest_route=\/wp\/v2\/pages\/6\/revisions"}],"predecessor-version":[{"id":242560,"href":"https:\/\/giveachance.de\/index.php?rest_route=\/wp\/v2\/pages\/6\/revisions\/242560"}],"wp:attachment":[{"href":"https:\/\/giveachance.de\/index.php?rest_route=%2Fwp%2Fv2%2Fmedia&parent=6"}],"curies":[{"name":"wp","href":"https:\/\/api.w.org\/{rel}","templated":true}]}}