{"id":54,"date":"2016-11-18T15:56:39","date_gmt":"2016-11-18T13:56:39","guid":{"rendered":"http:\/\/giveachance.de\/?page_id=54"},"modified":"2016-12-05T17:50:44","modified_gmt":"2016-12-05T15:50:44","slug":"spenden","status":"publish","type":"page","link":"https:\/\/giveachance.de\/?page_id=54","title":{"rendered":"Spenden"},"content":{"rendered":"<p><strong>Hilfe zur Selbsthilfe <\/strong><\/p>\n<p>Jede Spende von Ihnen hilft den Menschen in Myanmar und Laos<br \/>\nDie Gelder kommen ausschlie\u00dflich und in voller H\u00f6he den Projekten vor Ort und damit den Menschen direkt zugute.<\/p>\n<p>Alle anfallenden Unkosten wie Fl\u00fcge, Hotels etc. trage ich selbst.<\/p>\n<h4><span style=\"color: #ff6600;\"><strong>Spendenkonto:<\/strong><\/span> Viktor Wlasenko<br \/>\n<span style=\"color: #ff6600;\"><strong>Bank:<\/strong><\/span> Raiffeisenbank Gmund<br \/>\n<span style=\"color: #ff6600;\"><strong>BLZ: <\/strong><\/span>701 693 83<br \/>\n<span style=\"color: #ff6600;\"><strong>Konto: <\/strong><\/span>240943436<br \/>\n<span style=\"color: #ff6600;\"><strong>IBAN:<\/strong><\/span> DE29 7016 9383 0240 9434 36<br \/>\n<span style=\"color: #ff6600;\"><strong>BIC:<\/strong><\/span> GENODEF 1 GMU<\/h4>\n<p>Wenn Sie es w\u00fcnschen lass ich Ihnen gerne eine Spendenquittung zukommen.<\/p>\n<p>Geben Sie bitte dazu Ihre vollst\u00e4ndige Adresse auf dem \u00dcberweisungstr\u00e4ger an.<\/p>\n<p><img loading=\"lazy\" decoding=\"async\" class=\"alignnone wp-image-114914 size-large\" src=\"http:\/\/giveachance.de\/wp-content\/uploads\/2013\/07\/DSCF0923-1024x575.jpg\" alt=\"M\u00f6nchs-Novizen\" width=\"700\" height=\"393\" srcset=\"https:\/\/giveachance.de\/wp-content\/uploads\/2013\/07\/DSCF0923-1024x575.jpg 1024w, https:\/\/giveachance.de\/wp-content\/uploads\/2013\/07\/DSCF0923-300x169.jpg 300w, https:\/\/giveachance.de\/wp-content\/uploads\/2013\/07\/DSCF0923-768x432.jpg 768w\" sizes=\"auto, (max-width: 700px) 100vw, 700px\" \/><\/p>\n<p>Herzlichen Dank f\u00fcr Ihre Spende<\/p>\n","protected":false},"excerpt":{"rendered":"<p>Hilfe zur Selbsthilfe Jede Spende von Ihnen hilft den Menschen in Myanmar und Laos Die Gelder kommen ausschlie\u00dflich und in voller H\u00f6he den Projekten vor Ort und damit den Menschen direkt zugute. Alle anfallenden Unkosten wie Fl\u00fcge, Hotels etc. trage&hellip; <\/p>\n","protected":false},"author":1,"featured_media":0,"parent":0,"menu_order":0,"comment_status":"closed","ping_status":"open","template":"","meta":{"footnotes":""},"class_list":["post-54","page","type-page","status-publish","hentry"],"_links":{"self":[{"href":"https:\/\/giveachance.de\/index.php?rest_route=\/wp\/v2\/pages\/54","targetHints":{"allow":["GET"]}}],"collection":[{"href":"https:\/\/giveachance.de\/index.php?rest_route=\/wp\/v2\/pages"}],"about":[{"href":"https:\/\/giveachance.de\/index.php?rest_route=\/wp\/v2\/types\/page"}],"author":[{"embeddable":true,"href":"https:\/\/giveachance.de\/index.php?rest_route=\/wp\/v2\/users\/1"}],"replies":[{"embeddable":true,"href":"https:\/\/giveachance.de\/index.php?rest_route=%2Fwp%2Fv2%2Fcomments&post=54"}],"version-history":[{"count":19,"href":"https:\/\/giveachance.de\/index.php?rest_route=\/wp\/v2\/pages\/54\/revisions"}],"predecessor-version":[{"id":117983,"href":"https:\/\/giveachance.de\/index.php?rest_route=\/wp\/v2\/pages\/54\/revisions\/117983"}],"wp:attachment":[{"href":"https:\/\/giveachance.de\/index.php?rest_route=%2Fwp%2Fv2%2Fmedia&parent=54"}],"curies":[{"name":"wp","href":"https:\/\/api.w.org\/{rel}","templated":true}]}}