{"id":530,"date":"2013-09-13T12:25:23","date_gmt":"2013-09-13T10:25:23","guid":{"rendered":"http:\/\/giveachance.de\/?page_id=530"},"modified":"2016-12-05T17:35:40","modified_gmt":"2016-12-05T15:35:40","slug":"warum-loas","status":"publish","type":"page","link":"https:\/\/giveachance.de\/?page_id=530","title":{"rendered":"Warum Loas?"},"content":{"rendered":"<p><img loading=\"lazy\" decoding=\"async\" class=\"size-full wp-image-598 alignleft\" src=\"http:\/\/giveachance.de\/wp-content\/uploads\/2013\/09\/loas.jpg\" alt=\"loas\" width=\"269\" height=\"270\" srcset=\"https:\/\/giveachance.de\/wp-content\/uploads\/2013\/09\/loas.jpg 269w, https:\/\/giveachance.de\/wp-content\/uploads\/2013\/09\/loas-150x150.jpg 150w, https:\/\/giveachance.de\/wp-content\/uploads\/2013\/09\/loas-230x230.jpg 230w, https:\/\/giveachance.de\/wp-content\/uploads\/2013\/09\/loas-80x80.jpg 80w\" sizes=\"auto, (max-width: 269px) 100vw, 269px\" \/>Laos Landesfl\u00e4che ist mit 236.800 km<sup>2<\/sup> ca.1\/3 kleiner als die Bundesrepublik Deutschland.<br \/>\nMit seinen 6,2 Millionen Einwohnern ergibt dies eine Bev\u00f6lkerungsdichte von 26 Einwohnern pro km<sup>2.<\/sup><br \/>\nIn Deutschland sind es mit 229 Einwohnern pro km<sup>2<\/sup> fast 9 mal mehr.<\/p>\n<p>Das Land ist bis zu 50% bewaldet.<br \/>\nGro\u00dffl\u00e4chiges Abholzen in den letzten Jahren (ca. 300. 000 Hektar pro Jahr) lie\u00dfen den Grundwasserspiegel dramatisch absinken, was zu einer prek\u00e4ren Trinkwassersituation und der Vernichtung von Flora und Fauna in Laos f\u00fchrte.<br \/>\nFast alle Rodungskonzessionen wurden an die Chinesen vergeben, die nicht immer r\u00fccksichtsvoll mit ihrem kleinen, kommunistischen Bruder umgehen.<br \/>\nSo wurde der Mekong, der 1.900 Kilometer durch Laos flie\u00dft und damit dessen Lebensader bildet, von China mehrfach aufgestaut. Die Wasserstandsregulierung bzw. Wassersperrung f\u00fchrten in Laos zu erheblichen Problemen.<\/p>\n<p>Von den etwa. 50 ethnischen z.T. sehr entlegenen Volksgruppen werden ca.100 verschiedene Sprachen gesprochen. Die Amtssprache ist mit der thail\u00e4ndischen Sprache verwandt.<\/p>\n<p>Laos ist das einzige Binnenland in S\u00fcd-Ost-Asien. An seinen Grenzen liegen Kambodscha, Thailand, Myanmar, China und Vietnam. Diese geostrategische Lage ist auch das gr\u00f6\u00dfte Problem des Landes, zumindest in der j\u00fcngsten Vergangenheit.<\/p>\n<p>Nach einer Kolonialherrschaft der Franzosen, einer Besetzung durch die japanische Armee und einer erneuten franz\u00f6sischen Macht\u00fcbernahme, besetzten die USA ohne offizielle Kriegserkl\u00e4rung das im Vietnamkrieg neutrale Laos. <span style=\"color: #808080;\"><em>Interessierten sei die Dokumentation von Marc Eberle \u201eAmerikas geheimer Krieg in Laos\u201c empfohlen.<\/em><\/span><\/p>\n<p>Laos wurde zum meist bombardierten Land der Welt. Dort wurden mehr Bomben abgeworfen als im gesamten 2. Weltkrieg.<br \/>\nBombardiert wurden nicht nur Teile des Ho-Chi-Minh-Pfades sondern das gesamte Gebiet zwischen den Geheimbasen in Laos und Vietnam, da kein Flugzeug mit Bomben zur\u00fcckkehren durfte, wenn es seine Ziele im Kriegsgebiet nicht erreicht hat.<br \/>\nBetroffen war meist die Zivilbev\u00f6lkerung.<\/p>\n<p>9 Jahre lang, in mehr als 400 Fl\u00fcgen am Tag, wurden \u00fcber 2 Millionen Tonnen Bomben \u00fcber das Land verteilt.<br \/>\nIm Schnitt 3 Tonne je Einwohner.<br \/>\nNoch heute liegen immer noch mehr als 8 Millionen Bomben und Minen verstreut herum, zum Teil als Fr\u00fcchte getarnt, f\u00fcr Kinder die diese aufsammeln mit f\u00fcrchterlichen Folgen.<br \/>\n11.000 Menschen sind seit Ende des Krieges in Laos get\u00f6tet oder schwer verletzt worden.<\/p>\n<p>Bis heute wurden und werden keine Reparationszahlungen an die Zivilbev\u00f6lkerung geleistet.<\/p>\n<p>Laut Sch\u00e4tzung sind 80% der landwirtschaftlich genutzten Fl\u00e4chen mit Blindg\u00e4ngern verseucht, das in einem Land dessen Hauptwirtschaftszweig die Landwirtschaft ist.\u00a0 Die Bombensuche mit Dedektoren \u00fcbernehmen meist Frauen, die wie j\u00fcngst in einer Fernsehdokumentation zu sehen war, kurz vorher ihre Kinder im Dorf zur Pflege abgeben.\u00a0 Aber nicht alle Bomben werden gefunden und ohne sichtlichen Fortschritt in der Technik dauert es noch tausend Jahre bis Laos bombenfrei ist.<\/p>\n<p>Wir bauen unsere Schulen in sehr armen D\u00f6rfern. Zum Teil wurden dort die Dorfbewohner aus nicht mehr bewohnbaren Gebieten umgesiedelt.<\/p>\n<table border=\"0\">\n<tbody>\n<tr>\n<td><img loading=\"lazy\" decoding=\"async\" class=\"alignleft wp-image-116811\" src=\"http:\/\/giveachance.de\/wp-content\/uploads\/2013\/09\/DSCN0178-300x225.jpg\" alt=\"Die Attraktion des Cafes in Phonsevan: entsch\u00e4rfte Bomben aus der Umgebung\" width=\"500\" height=\"375\" srcset=\"https:\/\/giveachance.de\/wp-content\/uploads\/2013\/09\/DSCN0178-300x225.jpg 300w, https:\/\/giveachance.de\/wp-content\/uploads\/2013\/09\/DSCN0178-768x576.jpg 768w, https:\/\/giveachance.de\/wp-content\/uploads\/2013\/09\/DSCN0178-1024x768.jpg 1024w\" sizes=\"auto, (max-width: 500px) 100vw, 500px\" \/><\/td>\n<td><img loading=\"lazy\" decoding=\"async\" class=\"alignright wp-image-116812\" src=\"http:\/\/giveachance.de\/wp-content\/uploads\/2013\/09\/DSCN0778-300x225.jpg\" alt=\"Ausstellung selbstgemachter Protesen\" width=\"500\" height=\"375\" srcset=\"https:\/\/giveachance.de\/wp-content\/uploads\/2013\/09\/DSCN0778-300x225.jpg 300w, https:\/\/giveachance.de\/wp-content\/uploads\/2013\/09\/DSCN0778-768x576.jpg 768w, https:\/\/giveachance.de\/wp-content\/uploads\/2013\/09\/DSCN0778-1024x768.jpg 1024w\" sizes=\"auto, (max-width: 500px) 100vw, 500px\" \/><\/td>\n<\/tr>\n<tr>\n<td>Die Attraktion des Cafes in Phonsevan: entsch\u00e4rfte Bomben aus der Umgebung<\/td>\n<td style=\"text-align: right;\">Ausstellung selbstgemachter Protesen<\/td>\n<\/tr>\n<\/tbody>\n<\/table>\n<p>&nbsp;<\/p>\n","protected":false},"excerpt":{"rendered":"<p>Laos Landesfl\u00e4che ist mit 236.800 km2 ca.1\/3 kleiner als die Bundesrepublik Deutschland. Mit seinen 6,2 Millionen Einwohnern ergibt dies eine Bev\u00f6lkerungsdichte von 26 Einwohnern pro km2. In Deutschland sind es mit 229 Einwohnern pro km2 fast 9 mal mehr. Das&hellip; <\/p>\n","protected":false},"author":2,"featured_media":0,"parent":0,"menu_order":0,"comment_status":"closed","ping_status":"open","template":"","meta":{"footnotes":""},"class_list":["post-530","page","type-page","status-publish","hentry"],"_links":{"self":[{"href":"https:\/\/giveachance.de\/index.php?rest_route=\/wp\/v2\/pages\/530","targetHints":{"allow":["GET"]}}],"collection":[{"href":"https:\/\/giveachance.de\/index.php?rest_route=\/wp\/v2\/pages"}],"about":[{"href":"https:\/\/giveachance.de\/index.php?rest_route=\/wp\/v2\/types\/page"}],"author":[{"embeddable":true,"href":"https:\/\/giveachance.de\/index.php?rest_route=\/wp\/v2\/users\/2"}],"replies":[{"embeddable":true,"href":"https:\/\/giveachance.de\/index.php?rest_route=%2Fwp%2Fv2%2Fcomments&post=530"}],"version-history":[{"count":15,"href":"https:\/\/giveachance.de\/index.php?rest_route=\/wp\/v2\/pages\/530\/revisions"}],"predecessor-version":[{"id":117970,"href":"https:\/\/giveachance.de\/index.php?rest_route=\/wp\/v2\/pages\/530\/revisions\/117970"}],"wp:attachment":[{"href":"https:\/\/giveachance.de\/index.php?rest_route=%2Fwp%2Fv2%2Fmedia&parent=530"}],"curies":[{"name":"wp","href":"https:\/\/api.w.org\/{rel}","templated":true}]}}