{"id":4,"date":"2013-07-02T11:32:15","date_gmt":"2013-07-02T09:32:15","guid":{"rendered":"http:\/\/giveachance.de\/?page_id=4"},"modified":"2023-07-31T13:06:17","modified_gmt":"2023-07-31T11:06:17","slug":"uber-mich","status":"publish","type":"page","link":"https:\/\/giveachance.de\/?page_id=4","title":{"rendered":"\u00dcber mich"},"content":{"rendered":"<p><span style=\"font-size: medium;\"><br \/>\n<\/span><img loading=\"lazy\" decoding=\"async\" class=\"alignright wp-image-1187\" src=\"http:\/\/giveachance.de\/wp-content\/uploads\/2013\/07\/DSCN0690.jpg\" alt=\"M\u00e4dchen aus Laos\" width=\"206\" height=\"262\" srcset=\"https:\/\/giveachance.de\/wp-content\/uploads\/2013\/07\/DSCN0690.jpg 572w, https:\/\/giveachance.de\/wp-content\/uploads\/2013\/07\/DSCN0690-235x300.jpg 235w\" sizes=\"auto, (max-width: 206px) 100vw, 206px\" \/><span style=\"font-size: medium;\"><b>Ich hatte Gl\u00fcck<\/b>,<br \/>\nin einer Zeit, nach dem Krieg, geboren zu sein und die f\u00fcrchterlichen Gr\u00e4ueltaten <\/span><span style=\"font-size: medium;\">d<\/span><span style=\"font-size: medium;\">er Nazis und des Stalinregimes, wie es meine Eltern erleiden mussten, nicht mehr erleben zu m\u00fcssen.<\/span><br \/>\n<span style=\"font-size: medium;\"><br \/>\n<b>Ich hatte Gl\u00fcck<\/b>,<br \/>\nin einem demokratischen und freien Land ohne Willk\u00fcr und Repressalien aufwachsen zu d\u00fcrfen,<br \/>\nin dem man seine Meinung frei \u00e4u\u00dfern, und auch f\u00fcr seine Rechte demonstrieren darf ohne gleich in ein Gef\u00e4ngnis zu wandern.<\/span><br \/>\n<span style=\"font-size: medium;\"><br \/>\n<b>Ich hatte Gl\u00fcck<\/b>,<br \/>\ndass ich trotz Entbehrungen in der Nachkriegszeit und trotz jahrelanger schwerer Krankheit, eine Lehre<br \/>\nund mein Studium zum Bauingenieur abschlie\u00dfen konnte.<\/span><br \/>\n<span style=\"font-size: medium;\">\u00a0<span style=\"font-size: medium;\"><br \/>\n<b>Ich hatte Gl\u00fcck<\/b>,<br \/>\nin meinem Traumberuf als Architekt viele interessante Projekte mit vielen tollen Kollegen bauen zu k\u00f6nnen.<br \/>\n<span style=\"font-size: medium;\"><br \/>\n<b>Ich hatte Gl\u00fcck<\/b>,<br \/>\ndie richtige Frau f\u00fcr mein Leben gefunden zu haben.<br \/>\n<span style=\"font-size: medium;\"><br \/>\n<b>Ich hatte Gl\u00fcck<\/b>,<br \/>\nmit ihr in einer sch\u00f6nen Umgebung leben zu k\u00f6nnen.<br \/>\n<span style=\"font-size: medium;\"><br \/>\nEinen Teil dieses Gl\u00fccks wollte ich gerne weitergeben, an Menschen die mit gro\u00dfen Entbehrungen leben m\u00fcssen (Nahrung, Bildung, Gesundheit) und habe dabei von diesen Menschen\u00a0 ein so vieles Mehr an Gl\u00fcck zur\u00fcckbekommen.<\/span><\/span><\/span><\/span><\/span><\/p>\n<p><b><img loading=\"lazy\" decoding=\"async\" class=\"size-full wp-image-152 alignright\" src=\"http:\/\/giveachance.de\/wp-content\/uploads\/2013\/07\/ActOfKindness.png\" alt=\"ActOfKindness\" width=\"300\" height=\"138\" \/><\/b><span style=\"font-size: medium;\"><strong>Ich habe Gl\u00fcck, helfen zu k\u00f6nnen.<\/strong><\/span><br \/>\n<span style=\"font-size: medium;\"><br \/>\n<b>Helfen macht Gl\u00fccklich<br \/>\nund ich bin froh und dankbar \u00fcber diese Erkenntnis, die auch sicher viele vor mir erfahren durften<\/b><\/span><br \/>\n<span style=\"font-size: medium;\"><br \/>\nHerzlichen Dank an alle Freunde und Sponsoren, die mir vertraut und es mir erm\u00f6glicht haben den Menschen in Burma und Laos zu helfen und ihnen eine wenig von unserem Gl\u00fcck abzugeben und ich bin sicher das eine Portion dieses Gl\u00fccks wieder zur\u00fcckflie\u00dfen wird.<\/span><\/p>\n<p><span style=\"font-size: medium;\">Herzlichen Dank auch an Alle, die mich in Zukunft bei meiner Arbeit unterst\u00fctzen werden.<br \/>\n<span style=\"font-size: medium;\"><br \/>\nJeder Cent landet direkt bei den Hilfsbed\u00fcrftigen. Ich bin immer vor Ort und \u00fcberpr\u00fcfe alle Ausgaben.<br \/>\n<span style=\"font-size: medium;\"><br \/>\nAlle Unkosten wie Fl\u00fcge und Unterkunft zahle ich aus eigener Tasche.<\/span><\/span><\/span><\/p>\n<h5><strong>Hilfsprojekt Myanmar und Laos &#8211; Hilfe zur Selbsthilfe<\/strong><br \/>\n<span style=\"color: #ff6600;\"><strong>Spendenkonto:<\/strong><\/span> Viktor Wlasenko<br \/>\n<span style=\"color: #ff6600;\"><strong>Bank:<\/strong><\/span> Raiffeisenbank Gmund<br \/>\n<span style=\"color: #ff6600;\"><strong>BLZ: <\/strong><\/span>701 693 83<br \/>\n<span style=\"color: #ff6600;\"><strong>Konto: <\/strong><\/span>240943436<\/h5>\n<h5><span style=\"color: #ff6600;\"><strong>IBAN:<\/strong><\/span> DE29 7016 9383 0240 9434 36<br \/>\n<span style=\"color: #ff6600;\"><strong>BIC:<\/strong><\/span> GENODEF 1 GMU<\/h5>\n<div id=\"attachment_114907\" style=\"width: 710px\" class=\"wp-caption alignnone\"><img loading=\"lazy\" decoding=\"async\" aria-describedby=\"caption-attachment-114907\" class=\"wp-image-114907 size-large\" src=\"http:\/\/giveachance.de\/wp-content\/uploads\/2013\/07\/5062-1024x575.jpg\" alt=\"Neue Schule in Laos\" width=\"700\" height=\"393\" srcset=\"https:\/\/giveachance.de\/wp-content\/uploads\/2013\/07\/5062-1024x575.jpg 1024w, https:\/\/giveachance.de\/wp-content\/uploads\/2013\/07\/5062-300x169.jpg 300w, https:\/\/giveachance.de\/wp-content\/uploads\/2013\/07\/5062-768x432.jpg 768w\" sizes=\"auto, (max-width: 700px) 100vw, 700px\" \/><p id=\"caption-attachment-114907\" class=\"wp-caption-text\">M\u00e4dchen in Bang Muang Long vor der alten Schule<\/p><\/div>\n","protected":false},"excerpt":{"rendered":"<p>Ich hatte Gl\u00fcck, in einer Zeit, nach dem Krieg, geboren zu sein und die f\u00fcrchterlichen Gr\u00e4ueltaten der Nazis und des Stalinregimes, wie es meine Eltern erleiden mussten, nicht mehr erleben zu m\u00fcssen. Ich hatte Gl\u00fcck, in einem demokratischen und freien&hellip; <\/p>\n","protected":false},"author":1,"featured_media":0,"parent":0,"menu_order":0,"comment_status":"closed","ping_status":"open","template":"","meta":{"footnotes":""},"class_list":["post-4","page","type-page","status-publish","hentry"],"_links":{"self":[{"href":"https:\/\/giveachance.de\/index.php?rest_route=\/wp\/v2\/pages\/4","targetHints":{"allow":["GET"]}}],"collection":[{"href":"https:\/\/giveachance.de\/index.php?rest_route=\/wp\/v2\/pages"}],"about":[{"href":"https:\/\/giveachance.de\/index.php?rest_route=\/wp\/v2\/types\/page"}],"author":[{"embeddable":true,"href":"https:\/\/giveachance.de\/index.php?rest_route=\/wp\/v2\/users\/1"}],"replies":[{"embeddable":true,"href":"https:\/\/giveachance.de\/index.php?rest_route=%2Fwp%2Fv2%2Fcomments&post=4"}],"version-history":[{"count":25,"href":"https:\/\/giveachance.de\/index.php?rest_route=\/wp\/v2\/pages\/4\/revisions"}],"predecessor-version":[{"id":242561,"href":"https:\/\/giveachance.de\/index.php?rest_route=\/wp\/v2\/pages\/4\/revisions\/242561"}],"wp:attachment":[{"href":"https:\/\/giveachance.de\/index.php?rest_route=%2Fwp%2Fv2%2Fmedia&parent=4"}],"curies":[{"name":"wp","href":"https:\/\/api.w.org\/{rel}","templated":true}]}}