{"id":183787,"date":"2018-01-03T10:00:19","date_gmt":"2018-01-03T08:00:19","guid":{"rendered":"http:\/\/giveachance.de\/?page_id=183787"},"modified":"2018-01-03T10:00:19","modified_gmt":"2018-01-03T08:00:19","slug":"kuscheltiere-fuer-kinder-in-laos","status":"publish","type":"page","link":"https:\/\/giveachance.de\/?page_id=183787","title":{"rendered":"Kuscheltiere f\u00fcr Kinder in Laos"},"content":{"rendered":"<p>Bericht \u00fcber eine Hilfsaktion in Zusammenarbeit mit einer Grundschule in Gmund und der International Preschool in Gr\u00fcnwald, M\u00fcnchen<\/p>\n<p><a href=\"http:\/\/giveachance.de\/wp-content\/uploads\/2018\/01\/Kuscheltiere.pdf\">Kuscheltiere<\/a><\/p>\n","protected":false},"excerpt":{"rendered":"<p>Bericht \u00fcber eine Hilfsaktion in Zusammenarbeit mit einer Grundschule in Gmund und der International Preschool in Gr\u00fcnwald, M\u00fcnchen Kuscheltiere<\/p>\n","protected":false},"author":2,"featured_media":0,"parent":0,"menu_order":0,"comment_status":"closed","ping_status":"closed","template":"","meta":{"footnotes":""},"class_list":["post-183787","page","type-page","status-publish","hentry"],"_links":{"self":[{"href":"https:\/\/giveachance.de\/index.php?rest_route=\/wp\/v2\/pages\/183787","targetHints":{"allow":["GET"]}}],"collection":[{"href":"https:\/\/giveachance.de\/index.php?rest_route=\/wp\/v2\/pages"}],"about":[{"href":"https:\/\/giveachance.de\/index.php?rest_route=\/wp\/v2\/types\/page"}],"author":[{"embeddable":true,"href":"https:\/\/giveachance.de\/index.php?rest_route=\/wp\/v2\/users\/2"}],"replies":[{"embeddable":true,"href":"https:\/\/giveachance.de\/index.php?rest_route=%2Fwp%2Fv2%2Fcomments&post=183787"}],"version-history":[{"count":1,"href":"https:\/\/giveachance.de\/index.php?rest_route=\/wp\/v2\/pages\/183787\/revisions"}],"predecessor-version":[{"id":183789,"href":"https:\/\/giveachance.de\/index.php?rest_route=\/wp\/v2\/pages\/183787\/revisions\/183789"}],"wp:attachment":[{"href":"https:\/\/giveachance.de\/index.php?rest_route=%2Fwp%2Fv2%2Fmedia&parent=183787"}],"curies":[{"name":"wp","href":"https:\/\/api.w.org\/{rel}","templated":true}]}}