{"id":138,"date":"2013-07-06T22:53:44","date_gmt":"2013-07-06T20:53:44","guid":{"rendered":"http:\/\/giveachance.de\/?page_id=138"},"modified":"2017-03-27T12:37:15","modified_gmt":"2017-03-27T10:37:15","slug":"1-burma-cup","status":"publish","type":"page","link":"https:\/\/giveachance.de\/?page_id=138","title":{"rendered":"2. Burma Cup"},"content":{"rendered":"<p><img loading=\"lazy\" decoding=\"async\" class=\"alignnone wp-image-135946 size-full\" src=\"http:\/\/giveachance.de\/wp-content\/uploads\/2013\/07\/Logo.jpg\" alt=\"\" width=\"756\" height=\"261\" srcset=\"https:\/\/giveachance.de\/wp-content\/uploads\/2013\/07\/Logo.jpg 756w, https:\/\/giveachance.de\/wp-content\/uploads\/2013\/07\/Logo-300x104.jpg 300w\" sizes=\"auto, (max-width: 756px) 100vw, 756px\" \/><\/p>\n<p><b>1. Valley Senioren Open<\/b><\/p>\n<p><b>2. Burma Cup f\u00fcr den Bau von Schule in Myanmar<\/b><\/p>\n<p><strong><u>Dienstag den 12. Juli 2011<\/u><\/strong><\/p>\n<table border=\"0\">\n<tbody>\n<tr>\n<td>Start<\/td>\n<td>ab ca. 10:30 Uhr von 2 Tees<\/td>\n<\/tr>\n<tr>\n<td>Austragung<\/td>\n<td>Einzel, 18 Loch Z\u00e4hlspiel nach Stableford, nicht vorgabenwirksam<br \/>\nAbschl\u00e4ge von gelb und rot<\/td>\n<\/tr>\n<tr>\n<td>Teilnehmer<\/td>\n<td>Senioren\/-innen des Golf Clubs Valley, Senioren\/-innen aus befreundeten Golfclubs und G\u00e4ste<br \/>\n<strong>(Preisverteilung jedoch nur an Senioren!!)<\/strong><\/td>\n<\/tr>\n<tr>\n<td>Teilnehmerzahl<\/td>\n<td>max. 120<\/td>\n<\/tr>\n<tr>\n<td>Meldung<\/td>\n<td>Meldelisten in den Club\u00b4s oder per Telefon an 08024-902790<\/td>\n<\/tr>\n<tr>\n<td>Meldeschlu\u00df<\/td>\n<td><strong>Dienstag, 5. Juli 2011, 17:00 Uhr<\/strong><br \/>\nBei Nichtanritt oder Absagen nach Meldeschluss wird die Meldegeb\u00fchr trotzdem f\u00e4llig!<\/td>\n<\/tr>\n<tr>\n<td>Preise<\/td>\n<td>1. Brutto Damen, 1. Brutto Herren,<br \/>\n3 Klassen, 1. \u2013 3. Platz, Netto pro Klasse,<br \/>\nNearest to the Pin, Damen und Herren,<br \/>\nLongest Drive, Damen und Herren.<\/td>\n<\/tr>\n<tr>\n<td>Meldegeb\u00fchr<\/td>\n<td><strong>55,00 Euro Mitglieder<br \/>\n65,00 Euro Mitglieder Golfpark,<br \/>\n65,00 Euro G\u00e4ste<br \/>\n<\/strong>enth\u00e4lt Greenfee,Preise,Halfwayverpflegung, Abendessen (exkl.Getr\u00e4nke)<\/td>\n<\/tr>\n<tr>\n<td>Einnahmen<\/td>\n<td>\u00dcbersch\u00fcssige Einnahmen aus dem Nenngeld bzw dem erm\u00e4\u00dfigtem<br \/>\nGreenfee werden f\u00fcr den Bau von Schule in Myanmar gespendet.<\/td>\n<\/tr>\n<tr>\n<td>Abendveranstaltung<\/td>\n<td>ab ca. 18:00 Uhr, Abendessen (3 G\u00e4nge Men\u00fc)<br \/>\nSiegerehrung, Musik<br \/>\nTombola mit vielen wertvollen Preisen<\/td>\n<\/tr>\n<\/tbody>\n<\/table>\n<p><a href=\"http:\/\/giveachance.de\/wp-content\/uploads\/2016\/11\/Unbenannt.jpg\"><img loading=\"lazy\" decoding=\"async\" class=\"alignnone size-full wp-image-116831\" src=\"http:\/\/giveachance.de\/wp-content\/uploads\/2016\/11\/Unbenannt.jpg\" alt=\"F\u00fcr Kinder in Burma\" width=\"798\" height=\"778\" srcset=\"https:\/\/giveachance.de\/wp-content\/uploads\/2016\/11\/Unbenannt.jpg 798w, https:\/\/giveachance.de\/wp-content\/uploads\/2016\/11\/Unbenannt-300x292.jpg 300w, https:\/\/giveachance.de\/wp-content\/uploads\/2016\/11\/Unbenannt-768x749.jpg 768w\" sizes=\"auto, (max-width: 798px) 100vw, 798px\" \/><\/a><\/p>\n<p><a href=\"http:\/\/giveachance.de\/wp-content\/uploads\/2013\/07\/Golfen-f\u00fcr-Burma.jpg\"><img loading=\"lazy\" decoding=\"async\" class=\"alignnone size-full wp-image-121\" src=\"http:\/\/giveachance.de\/wp-content\/uploads\/2013\/07\/Golfen-f\u00fcr-Burma.jpg\" alt=\"Golfen f\u00fcr Burma\" width=\"886\" height=\"594\" srcset=\"https:\/\/giveachance.de\/wp-content\/uploads\/2013\/07\/Golfen-f\u00fcr-Burma.jpg 886w, https:\/\/giveachance.de\/wp-content\/uploads\/2013\/07\/Golfen-f\u00fcr-Burma-300x201.jpg 300w\" sizes=\"auto, (max-width: 886px) 100vw, 886px\" \/><\/a><\/p>\n<p>Siegerehrung mit Senior Captain Peter<\/p>\n<table border=\"0\">\n<tbody>\n<tr>\n<td><img loading=\"lazy\" decoding=\"async\" class=\"alignnone size-medium wp-image-116871\" src=\"http:\/\/giveachance.de\/wp-content\/uploads\/2013\/07\/R0012446-300x225.jpg\" alt=\"Exif_JPEG_PICTURE\" width=\"300\" height=\"225\" srcset=\"https:\/\/giveachance.de\/wp-content\/uploads\/2013\/07\/R0012446-300x225.jpg 300w, https:\/\/giveachance.de\/wp-content\/uploads\/2013\/07\/R0012446-768x576.jpg 768w, https:\/\/giveachance.de\/wp-content\/uploads\/2013\/07\/R0012446-1024x768.jpg 1024w\" sizes=\"auto, (max-width: 300px) 100vw, 300px\" \/><\/td>\n<td><img loading=\"lazy\" decoding=\"async\" class=\"alignnone size-medium wp-image-116872\" src=\"http:\/\/giveachance.de\/wp-content\/uploads\/2013\/07\/R0012445-300x225.jpg\" alt=\"Exif_JPEG_PICTURE\" width=\"300\" height=\"225\" srcset=\"https:\/\/giveachance.de\/wp-content\/uploads\/2013\/07\/R0012445-300x225.jpg 300w, https:\/\/giveachance.de\/wp-content\/uploads\/2013\/07\/R0012445-768x576.jpg 768w, https:\/\/giveachance.de\/wp-content\/uploads\/2013\/07\/R0012445-1024x768.jpg 1024w\" sizes=\"auto, (max-width: 300px) 100vw, 300px\" \/><\/td>\n<\/tr>\n<tr>\n<td><img loading=\"lazy\" decoding=\"async\" class=\"alignnone size-medium wp-image-116873\" src=\"http:\/\/giveachance.de\/wp-content\/uploads\/2013\/07\/R0012452-300x225.jpg\" alt=\"Exif_JPEG_PICTURE\" width=\"300\" height=\"225\" srcset=\"https:\/\/giveachance.de\/wp-content\/uploads\/2013\/07\/R0012452-300x225.jpg 300w, https:\/\/giveachance.de\/wp-content\/uploads\/2013\/07\/R0012452-768x576.jpg 768w, https:\/\/giveachance.de\/wp-content\/uploads\/2013\/07\/R0012452-1024x768.jpg 1024w\" sizes=\"auto, (max-width: 300px) 100vw, 300px\" \/><\/td>\n<td><img loading=\"lazy\" decoding=\"async\" class=\"alignnone size-medium wp-image-116874\" src=\"http:\/\/giveachance.de\/wp-content\/uploads\/2013\/07\/R0012457-300x225.jpg\" alt=\"Exif_JPEG_PICTURE\" width=\"300\" height=\"225\" srcset=\"https:\/\/giveachance.de\/wp-content\/uploads\/2013\/07\/R0012457-300x225.jpg 300w, https:\/\/giveachance.de\/wp-content\/uploads\/2013\/07\/R0012457-768x576.jpg 768w, https:\/\/giveachance.de\/wp-content\/uploads\/2013\/07\/R0012457-1024x768.jpg 1024w\" sizes=\"auto, (max-width: 300px) 100vw, 300px\" \/><\/td>\n<\/tr>\n<\/tbody>\n<\/table>\n<p>Danke an alle Mitspieler und Spender<\/p>\n","protected":false},"excerpt":{"rendered":"<p>1. Valley Senioren Open 2. Burma Cup f\u00fcr den Bau von Schule in Myanmar Dienstag den 12. Juli 2011 Start ab ca. 10:30 Uhr von 2 Tees Austragung Einzel, 18 Loch Z\u00e4hlspiel nach Stableford, nicht vorgabenwirksam Abschl\u00e4ge von gelb und&hellip; <\/p>\n","protected":false},"author":1,"featured_media":139,"parent":133,"menu_order":0,"comment_status":"closed","ping_status":"closed","template":"","meta":{"footnotes":""},"class_list":["post-138","page","type-page","status-publish","has-post-thumbnail","hentry"],"_links":{"self":[{"href":"https:\/\/giveachance.de\/index.php?rest_route=\/wp\/v2\/pages\/138","targetHints":{"allow":["GET"]}}],"collection":[{"href":"https:\/\/giveachance.de\/index.php?rest_route=\/wp\/v2\/pages"}],"about":[{"href":"https:\/\/giveachance.de\/index.php?rest_route=\/wp\/v2\/types\/page"}],"author":[{"embeddable":true,"href":"https:\/\/giveachance.de\/index.php?rest_route=\/wp\/v2\/users\/1"}],"replies":[{"embeddable":true,"href":"https:\/\/giveachance.de\/index.php?rest_route=%2Fwp%2Fv2%2Fcomments&post=138"}],"version-history":[{"count":19,"href":"https:\/\/giveachance.de\/index.php?rest_route=\/wp\/v2\/pages\/138\/revisions"}],"predecessor-version":[{"id":135947,"href":"https:\/\/giveachance.de\/index.php?rest_route=\/wp\/v2\/pages\/138\/revisions\/135947"}],"up":[{"embeddable":true,"href":"https:\/\/giveachance.de\/index.php?rest_route=\/wp\/v2\/pages\/133"}],"wp:featuredmedia":[{"embeddable":true,"href":"https:\/\/giveachance.de\/index.php?rest_route=\/wp\/v2\/media\/139"}],"wp:attachment":[{"href":"https:\/\/giveachance.de\/index.php?rest_route=%2Fwp%2Fv2%2Fmedia&parent=138"}],"curies":[{"name":"wp","href":"https:\/\/api.w.org\/{rel}","templated":true}]}}