{"id":116906,"date":"2016-11-28T16:28:42","date_gmt":"2016-11-28T14:28:42","guid":{"rendered":"http:\/\/giveachance.de\/?page_id=116906"},"modified":"2019-09-10T11:39:10","modified_gmt":"2019-09-10T09:39:10","slug":"4-burma-cup","status":"publish","type":"page","link":"https:\/\/giveachance.de\/?page_id=116906","title":{"rendered":"4. Burma Cup"},"content":{"rendered":"<p><img loading=\"lazy\" decoding=\"async\" class=\"alignnone wp-image-342 size-full\" src=\"http:\/\/giveachance.de\/wp-content\/uploads\/2013\/07\/Startbbild.jpg\" alt=\"Startbbild\" width=\"1183\" height=\"278\" srcset=\"https:\/\/giveachance.de\/wp-content\/uploads\/2013\/07\/Startbbild.jpg 1183w, https:\/\/giveachance.de\/wp-content\/uploads\/2013\/07\/Startbbild-300x70.jpg 300w, https:\/\/giveachance.de\/wp-content\/uploads\/2013\/07\/Startbbild-1024x240.jpg 1024w\" sizes=\"auto, (max-width: 1183px) 100vw, 1183px\" \/><\/p>\n<p><strong>4. Burma Cup <\/strong><\/p>\n<p><strong>Benefiz Turnier zur F\u00f6rderung von Berufsschulprojekten in Myanmar und Laos<\/strong><\/p>\n<p><strong>Dienstag, den 30. Juli 2013<br \/>\nGolfanlage Hohenp\u00e4hl<br \/>\n<\/strong><\/p>\n<table border=\"0\">\n<tbody>\n<tr>\n<td>Start<\/td>\n<td>ab ca. 10:00 Uhr, \u00a0max. 50 Spieler<\/td>\n<\/tr>\n<tr>\n<td>Austragung<\/td>\n<td>Einzel, 18 Loch Z\u00e4hlspiel nach Stableford, nicht vorgabenwirksam<\/td>\n<\/tr>\n<tr>\n<td>Meldeschlu\u00df<\/td>\n<td>Montag, 22. Juli 2013, 12:00 Uhr<\/td>\n<\/tr>\n<tr>\n<td>Preise<\/td>\n<td>1. Brutto Damen, 1. Brutto Herren,<br \/>\n3 Klassen, 1. \u2013 3. Platz, Netto pro Klasse,<br \/>\nNearest to the Pin, Damen und Herren,<br \/>\nLongest Drive, Damen und Herren.<\/td>\n<\/tr>\n<tr>\n<td>Meldegeb\u00fchr<\/td>\n<td>78,00 Euro, 58,00 Euro f\u00fcr Mitglieder der Golfanlage Hohenp\u00e4hl,<br \/>\nenth\u00e4lt Greenfee, Preise und Abendessen (exkl. Getr\u00e4nke)<\/td>\n<\/tr>\n<tr>\n<td>Einnahmen<\/td>\n<td>\u00dcbersch\u00fcssige Einnahmen aus dem Nenngeld werden verwendet, um Schulen wieder aufzubauen und Jugendlichen aus den sehr armen Gebieten in Laos und Myanmar eine Berufsausbildung zu erm\u00f6glichen. Nach ihrer Ausbildung zahlen die Jugendlichen die Ausbildungskosten in Raten zur\u00fcck (Hilfe zur Selbsthilfe) und erm\u00f6glichen somit anderen ebenfalls eine Berufsausbildung abzuschlie\u00dfen<\/td>\n<\/tr>\n<tr>\n<td>Abendveranstaltung<\/td>\n<td>ab ca. 17:00 Uhr Abendessen<br \/>\nSiegerehrung, Tombola mit vielen wertvollen Preisen<\/td>\n<\/tr>\n<tr>\n<td>Hauptpreis<\/td>\n<td>ist eine vom TUI Reisecenter Rottach-Egern gestiftete Reise nach Portugal in den Robinson Club Quinta Da Ria. 1 Woche, Unterkunft mit Vollpension f\u00fcr eine Person im Wert von ca. 1.000.- Euro<\/td>\n<\/tr>\n<\/tbody>\n<\/table>\n<p><img loading=\"lazy\" decoding=\"async\" class=\"alignnone size-medium wp-image-116908\" src=\"http:\/\/giveachance.de\/wp-content\/uploads\/2016\/11\/p1-300x200.jpg\" alt=\"p1\" width=\"300\" height=\"200\" srcset=\"https:\/\/giveachance.de\/wp-content\/uploads\/2016\/11\/p1-300x200.jpg 300w, https:\/\/giveachance.de\/wp-content\/uploads\/2016\/11\/p1-768x513.jpg 768w, https:\/\/giveachance.de\/wp-content\/uploads\/2016\/11\/p1-1024x683.jpg 1024w\" sizes=\"auto, (max-width: 300px) 100vw, 300px\" \/> <img loading=\"lazy\" decoding=\"async\" class=\"alignnone size-medium wp-image-116910\" src=\"http:\/\/giveachance.de\/wp-content\/uploads\/2016\/11\/p2-300x225.jpg\" alt=\"p2\" width=\"300\" height=\"225\" \/> <img loading=\"lazy\" decoding=\"async\" class=\"alignnone wp-image-116911 size-medium\" src=\"http:\/\/giveachance.de\/wp-content\/uploads\/2016\/11\/p3-300x225.jpg\" alt=\"p3\" width=\"300\" height=\"225\" srcset=\"https:\/\/giveachance.de\/wp-content\/uploads\/2016\/11\/p3-300x225.jpg 300w, https:\/\/giveachance.de\/wp-content\/uploads\/2016\/11\/p3-768x576.jpg 768w, https:\/\/giveachance.de\/wp-content\/uploads\/2016\/11\/p3-1024x768.jpg 1024w\" sizes=\"auto, (max-width: 300px) 100vw, 300px\" \/><\/p>\n<p><img loading=\"lazy\" decoding=\"async\" class=\"alignnone wp-image-116914 size-medium\" src=\"http:\/\/giveachance.de\/wp-content\/uploads\/2016\/11\/p5-300x225.jpg\" alt=\"p5\" width=\"300\" height=\"225\" srcset=\"https:\/\/giveachance.de\/wp-content\/uploads\/2016\/11\/p5-300x225.jpg 300w, https:\/\/giveachance.de\/wp-content\/uploads\/2016\/11\/p5-768x576.jpg 768w, https:\/\/giveachance.de\/wp-content\/uploads\/2016\/11\/p5-1024x768.jpg 1024w\" sizes=\"auto, (max-width: 300px) 100vw, 300px\" \/> <img loading=\"lazy\" decoding=\"async\" class=\"alignnone wp-image-116915 size-medium\" src=\"http:\/\/giveachance.de\/wp-content\/uploads\/2016\/11\/p6-300x225.jpg\" alt=\"p6\" width=\"300\" height=\"225\" srcset=\"https:\/\/giveachance.de\/wp-content\/uploads\/2016\/11\/p6-300x225.jpg 300w, https:\/\/giveachance.de\/wp-content\/uploads\/2016\/11\/p6-768x576.jpg 768w, https:\/\/giveachance.de\/wp-content\/uploads\/2016\/11\/p6-1024x768.jpg 1024w\" sizes=\"auto, (max-width: 300px) 100vw, 300px\" \/> <img loading=\"lazy\" decoding=\"async\" class=\"alignnone wp-image-116916 size-medium\" src=\"http:\/\/giveachance.de\/wp-content\/uploads\/2016\/11\/p7-300x225.jpg\" alt=\"p7\" width=\"300\" height=\"225\" srcset=\"https:\/\/giveachance.de\/wp-content\/uploads\/2016\/11\/p7-300x225.jpg 300w, https:\/\/giveachance.de\/wp-content\/uploads\/2016\/11\/p7-768x576.jpg 768w, https:\/\/giveachance.de\/wp-content\/uploads\/2016\/11\/p7-1024x768.jpg 1024w\" sizes=\"auto, (max-width: 300px) 100vw, 300px\" \/><\/p>\n<p><img loading=\"lazy\" decoding=\"async\" class=\"alignnone wp-image-116918 size-medium\" src=\"http:\/\/giveachance.de\/wp-content\/uploads\/2016\/11\/p9-300x225.jpg\" alt=\"p9\" width=\"300\" height=\"225\" srcset=\"https:\/\/giveachance.de\/wp-content\/uploads\/2016\/11\/p9-300x225.jpg 300w, https:\/\/giveachance.de\/wp-content\/uploads\/2016\/11\/p9-768x576.jpg 768w, https:\/\/giveachance.de\/wp-content\/uploads\/2016\/11\/p9-1024x768.jpg 1024w\" sizes=\"auto, (max-width: 300px) 100vw, 300px\" \/> <img loading=\"lazy\" decoding=\"async\" class=\"alignnone wp-image-116919 size-medium\" src=\"http:\/\/giveachance.de\/wp-content\/uploads\/2016\/11\/p10-300x225.jpg\" alt=\"p10\" width=\"300\" height=\"225\" srcset=\"https:\/\/giveachance.de\/wp-content\/uploads\/2016\/11\/p10-300x225.jpg 300w, https:\/\/giveachance.de\/wp-content\/uploads\/2016\/11\/p10-768x576.jpg 768w, https:\/\/giveachance.de\/wp-content\/uploads\/2016\/11\/p10-1024x768.jpg 1024w\" sizes=\"auto, (max-width: 300px) 100vw, 300px\" \/> <img loading=\"lazy\" decoding=\"async\" class=\"alignnone wp-image-116920 size-medium\" src=\"http:\/\/giveachance.de\/wp-content\/uploads\/2016\/11\/p11-300x200.jpg\" alt=\"p11\" width=\"300\" height=\"200\" srcset=\"https:\/\/giveachance.de\/wp-content\/uploads\/2016\/11\/p11-300x200.jpg 300w, https:\/\/giveachance.de\/wp-content\/uploads\/2016\/11\/p11-768x513.jpg 768w, https:\/\/giveachance.de\/wp-content\/uploads\/2016\/11\/p11-1024x683.jpg 1024w\" sizes=\"auto, (max-width: 300px) 100vw, 300px\" \/><\/p>\n<p><img loading=\"lazy\" decoding=\"async\" class=\"alignnone wp-image-116922 size-medium\" src=\"http:\/\/giveachance.de\/wp-content\/uploads\/2016\/11\/p13-300x200.jpg\" alt=\"p13\" width=\"300\" height=\"200\" srcset=\"https:\/\/giveachance.de\/wp-content\/uploads\/2016\/11\/p13-300x200.jpg 300w, https:\/\/giveachance.de\/wp-content\/uploads\/2016\/11\/p13-768x513.jpg 768w, https:\/\/giveachance.de\/wp-content\/uploads\/2016\/11\/p13-1024x683.jpg 1024w\" sizes=\"auto, (max-width: 300px) 100vw, 300px\" \/> <img loading=\"lazy\" decoding=\"async\" class=\"alignnone wp-image-116923 size-medium\" src=\"http:\/\/giveachance.de\/wp-content\/uploads\/2016\/11\/p14-300x200.jpg\" alt=\"p14\" width=\"300\" height=\"200\" srcset=\"https:\/\/giveachance.de\/wp-content\/uploads\/2016\/11\/p14-300x200.jpg 300w, https:\/\/giveachance.de\/wp-content\/uploads\/2016\/11\/p14-768x513.jpg 768w, https:\/\/giveachance.de\/wp-content\/uploads\/2016\/11\/p14-1024x683.jpg 1024w\" sizes=\"auto, (max-width: 300px) 100vw, 300px\" \/> <img loading=\"lazy\" decoding=\"async\" class=\"alignnone wp-image-116924 size-medium\" src=\"http:\/\/giveachance.de\/wp-content\/uploads\/2016\/11\/p15-300x200.jpg\" alt=\"p15\" width=\"300\" height=\"200\" srcset=\"https:\/\/giveachance.de\/wp-content\/uploads\/2016\/11\/p15-300x200.jpg 300w, https:\/\/giveachance.de\/wp-content\/uploads\/2016\/11\/p15-768x513.jpg 768w, https:\/\/giveachance.de\/wp-content\/uploads\/2016\/11\/p15-1024x683.jpg 1024w\" sizes=\"auto, (max-width: 300px) 100vw, 300px\" \/><\/p>\n<p><img loading=\"lazy\" decoding=\"async\" class=\"alignnone wp-image-116926 size-medium\" src=\"http:\/\/giveachance.de\/wp-content\/uploads\/2016\/11\/p17-300x200.jpg\" alt=\"p17\" width=\"300\" height=\"200\" srcset=\"https:\/\/giveachance.de\/wp-content\/uploads\/2016\/11\/p17-300x200.jpg 300w, https:\/\/giveachance.de\/wp-content\/uploads\/2016\/11\/p17-768x513.jpg 768w, https:\/\/giveachance.de\/wp-content\/uploads\/2016\/11\/p17-1024x683.jpg 1024w\" sizes=\"auto, (max-width: 300px) 100vw, 300px\" \/> <img loading=\"lazy\" decoding=\"async\" class=\"alignnone wp-image-116927 size-medium\" src=\"http:\/\/giveachance.de\/wp-content\/uploads\/2016\/11\/p18-300x200.jpg\" alt=\"p18\" width=\"300\" height=\"200\" srcset=\"https:\/\/giveachance.de\/wp-content\/uploads\/2016\/11\/p18-300x200.jpg 300w, https:\/\/giveachance.de\/wp-content\/uploads\/2016\/11\/p18-768x513.jpg 768w, https:\/\/giveachance.de\/wp-content\/uploads\/2016\/11\/p18-1024x683.jpg 1024w\" sizes=\"auto, (max-width: 300px) 100vw, 300px\" \/> <img loading=\"lazy\" decoding=\"async\" class=\"alignnone wp-image-116928 size-medium\" src=\"http:\/\/giveachance.de\/wp-content\/uploads\/2016\/11\/p19-300x200.jpg\" alt=\"p19\" width=\"300\" height=\"200\" srcset=\"https:\/\/giveachance.de\/wp-content\/uploads\/2016\/11\/p19-300x200.jpg 300w, https:\/\/giveachance.de\/wp-content\/uploads\/2016\/11\/p19-768x513.jpg 768w, https:\/\/giveachance.de\/wp-content\/uploads\/2016\/11\/p19-1024x683.jpg 1024w\" sizes=\"auto, (max-width: 300px) 100vw, 300px\" \/><\/p>\n<p><img loading=\"lazy\" decoding=\"async\" class=\"alignnone wp-image-116930 size-medium\" src=\"http:\/\/giveachance.de\/wp-content\/uploads\/2016\/11\/p21-300x200.jpg\" alt=\"p21\" width=\"300\" height=\"200\" srcset=\"https:\/\/giveachance.de\/wp-content\/uploads\/2016\/11\/p21-300x200.jpg 300w, https:\/\/giveachance.de\/wp-content\/uploads\/2016\/11\/p21-768x513.jpg 768w, https:\/\/giveachance.de\/wp-content\/uploads\/2016\/11\/p21-1024x683.jpg 1024w\" sizes=\"auto, (max-width: 300px) 100vw, 300px\" \/> <img loading=\"lazy\" decoding=\"async\" class=\"alignnone wp-image-116931 size-medium\" src=\"http:\/\/giveachance.de\/wp-content\/uploads\/2016\/11\/p22-300x200.jpg\" alt=\"p22\" width=\"300\" height=\"200\" srcset=\"https:\/\/giveachance.de\/wp-content\/uploads\/2016\/11\/p22-300x200.jpg 300w, https:\/\/giveachance.de\/wp-content\/uploads\/2016\/11\/p22-768x513.jpg 768w, https:\/\/giveachance.de\/wp-content\/uploads\/2016\/11\/p22-1024x683.jpg 1024w\" sizes=\"auto, (max-width: 300px) 100vw, 300px\" \/> <img loading=\"lazy\" decoding=\"async\" class=\"alignnone wp-image-116932 size-medium\" src=\"http:\/\/giveachance.de\/wp-content\/uploads\/2016\/11\/p23-300x200.jpg\" alt=\"p23\" width=\"300\" height=\"200\" srcset=\"https:\/\/giveachance.de\/wp-content\/uploads\/2016\/11\/p23-300x200.jpg 300w, https:\/\/giveachance.de\/wp-content\/uploads\/2016\/11\/p23-768x513.jpg 768w, https:\/\/giveachance.de\/wp-content\/uploads\/2016\/11\/p23-1024x683.jpg 1024w\" sizes=\"auto, (max-width: 300px) 100vw, 300px\" \/><\/p>\n<p><img loading=\"lazy\" decoding=\"async\" class=\"alignnone wp-image-116933 size-medium\" src=\"http:\/\/giveachance.de\/wp-content\/uploads\/2016\/11\/p24-300x200.jpg\" alt=\"p24\" width=\"300\" height=\"200\" srcset=\"https:\/\/giveachance.de\/wp-content\/uploads\/2016\/11\/p24-300x200.jpg 300w, https:\/\/giveachance.de\/wp-content\/uploads\/2016\/11\/p24-768x513.jpg 768w, https:\/\/giveachance.de\/wp-content\/uploads\/2016\/11\/p24-1024x683.jpg 1024w\" sizes=\"auto, (max-width: 300px) 100vw, 300px\" \/><\/p>\n<p>Ansprache zum Abschluss<\/p>\n<p>Zuerst m\u00f6chte ich Euch alle sehr, sehr herzlich begr\u00fc\u00dfen und mich f\u00fcr Eure Teilnahme an diesem Turnier bedanken. Denn Ihr habt und ganz besonders diejenigen, die heute zum 2., 3. oder gar zum 4. Mal\u00a0 mitspielen, einen gro\u00dfen Beitrag zum Bau unserer Schulen und f\u00fcr die Ausbildung von Kindern in Myanmar und Laos geleistet.<\/p>\n<p>\u00dcber den Platz und das Wetter: ein gro\u00dfes Dankesch\u00f6n geht auch an unseren Petrus, der uns trotz einer schlechten Wetterprognose vom Regen verschont hat.<\/p>\n<p>Das ist heute unser 4. Burma Cup, die Entscheidung diesen wieder in Hohenp\u00e4hl auszurichten ist mir sehr leicht gefallen. Der Platz ist toll und eine sch\u00f6ne Abwechslung zu unserem Platz in Valley und wir werden hier immer herzlich aufgenommen. Daf\u00fcr \u00a0den Mitarbeitern hier im Club sehr herzlich danken.<\/p>\n<p>Danken m\u00f6chte ich auch der Firma Probat, heute vertreten durch Herrn Josef Rieger und auch der Mirijan Sachs Stiftung f\u00fcr die\u00a0 Finanzierung unserer Schule in Ban Muang Long in Laos und der Deutsch Laotischen Gesellschaft f\u00fcr die Organisation des Schulbaus vor Ort.<\/p>\n<p>Ganz besonders hat mich gefreut, Sepp, dass Du mit nach Laos mitgereist bist und dort in Anwesenheit des Parlamentspr\u00e4sidenten, der Parlamentarier und des deutschen Botschafters diese bewegende Rede gehalten hast.<\/p>\n<p>Ganz besonders danke ich auch unseren Sponsoren, der Parf\u00fcmerie Bayerschmidt f\u00fcr ihre Gutscheine, dem E-Werk in Tegernsee f\u00fcr viele tollen Tombola Geschenke, dem Hotel Herzogpark f\u00fcr den \u00dcbernachtungsgutschein, der Ledbetter Golfakademie f\u00fcr die Trainingsgutscheine und nicht zu Letzt dem TUI Reiseb\u00fcro G\u00f6tschel in Rottach-Egern f\u00fcr den Reisegutschein im Wert von 1.000.- Euro, den wir heute noch versteigern werden und dann nat\u00fcrlich auch noch den wie ich hoffe noch zahlreichen Spendern.<\/p>\n","protected":false},"excerpt":{"rendered":"<p>4. Burma Cup Benefiz Turnier zur F\u00f6rderung von Berufsschulprojekten in Myanmar und Laos Dienstag, den 30. Juli 2013 Golfanlage Hohenp\u00e4hl Start ab ca. 10:00 Uhr, \u00a0max. 50 Spieler Austragung Einzel, 18 Loch Z\u00e4hlspiel nach Stableford, nicht vorgabenwirksam Meldeschlu\u00df Montag, 22.&hellip; <\/p>\n","protected":false},"author":2,"featured_media":0,"parent":133,"menu_order":0,"comment_status":"closed","ping_status":"closed","template":"","meta":{"footnotes":""},"class_list":["post-116906","page","type-page","status-publish","hentry"],"_links":{"self":[{"href":"https:\/\/giveachance.de\/index.php?rest_route=\/wp\/v2\/pages\/116906","targetHints":{"allow":["GET"]}}],"collection":[{"href":"https:\/\/giveachance.de\/index.php?rest_route=\/wp\/v2\/pages"}],"about":[{"href":"https:\/\/giveachance.de\/index.php?rest_route=\/wp\/v2\/types\/page"}],"author":[{"embeddable":true,"href":"https:\/\/giveachance.de\/index.php?rest_route=\/wp\/v2\/users\/2"}],"replies":[{"embeddable":true,"href":"https:\/\/giveachance.de\/index.php?rest_route=%2Fwp%2Fv2%2Fcomments&post=116906"}],"version-history":[{"count":8,"href":"https:\/\/giveachance.de\/index.php?rest_route=\/wp\/v2\/pages\/116906\/revisions"}],"predecessor-version":[{"id":241719,"href":"https:\/\/giveachance.de\/index.php?rest_route=\/wp\/v2\/pages\/116906\/revisions\/241719"}],"up":[{"embeddable":true,"href":"https:\/\/giveachance.de\/index.php?rest_route=\/wp\/v2\/pages\/133"}],"wp:attachment":[{"href":"https:\/\/giveachance.de\/index.php?rest_route=%2Fwp%2Fv2%2Fmedia&parent=116906"}],"curies":[{"name":"wp","href":"https:\/\/api.w.org\/{rel}","templated":true}]}}