{"id":116854,"date":"2016-11-28T15:54:21","date_gmt":"2016-11-28T13:54:21","guid":{"rendered":"http:\/\/giveachance.de\/?page_id=116854"},"modified":"2019-09-10T11:37:46","modified_gmt":"2019-09-10T09:37:46","slug":"1-burma-cup","status":"publish","type":"page","link":"https:\/\/giveachance.de\/?page_id=116854","title":{"rendered":"1. Burma Cup"},"content":{"rendered":"<p><strong>Golfen f\u00fcr einen guten Zweck<\/strong><\/p>\n<p>2010 plante der Golf Club Hohen P\u00e4hl sein Clubhaus umzubauen und zu modernisieren. Im Rahmen eines Ideenwettbewerbs hatten einige Architekten aus dem Club Planvorschl\u00e4ge eingereicht.<\/p>\n<p>Durch die Kombination dieser Ideen und eigene Vorschl\u00e4ge konnte ich bei der Entscheidung mithelfen die beste Planl\u00f6sung zu finden, ohne das sehr charmante Clubhaus nachteilig zu ver\u00e4ndern.<\/p>\n<p>Mein Honorar &#8211; eine Spende \u00fcber 1.000.- Euro f\u00fcr die Operationen von missgebildeten \u00a0Kindern in Myanmar und Startzeiten f\u00fcr ein Wohlt\u00e4tigkeitsturnier in Hohen P\u00e4hl<\/p>\n<p><strong>Daraus wurde der 1. Burma Cup <\/strong><\/p>\n<p>Der Reinerl\u00f6s von 1.800.- Euro und eine Spende des Lions Clubs Gmund Oberland in H\u00f6he von 3.333.- Euro reichte f\u00fcr den Wiederaufbau\u00a0 einer kleinen\u00a0 Schule im Irrawadydelta in Myanmar.<\/p>\n<table style=\"vertical-align: top;\">\n<tbody>\n<tr>\n<td style=\"text-align: center;\"><img loading=\"lazy\" decoding=\"async\" class=\"wp-image-116855 size-medium\" src=\"http:\/\/giveachance.de\/wp-content\/uploads\/2016\/11\/P1070801-300x201.jpg\" alt=\"Offizielle Spenden\u00fcbergabe an Kalayar und Daniela\" width=\"300\" height=\"201\" srcset=\"https:\/\/giveachance.de\/wp-content\/uploads\/2016\/11\/P1070801-300x201.jpg 300w, https:\/\/giveachance.de\/wp-content\/uploads\/2016\/11\/P1070801-768x514.jpg 768w, https:\/\/giveachance.de\/wp-content\/uploads\/2016\/11\/P1070801-1024x685.jpg 1024w\" sizes=\"auto, (max-width: 300px) 100vw, 300px\" \/><br \/>\nOffizielle Spenden\u00fcbergabe an Kalayar und Daniela<\/td>\n<td style=\"text-align: center;\"><img loading=\"lazy\" decoding=\"async\" class=\"wp-image-116858 size-medium\" src=\"http:\/\/giveachance.de\/wp-content\/uploads\/2016\/11\/P1070691-300x201.jpg\" alt=\"Spa\u00df haben Golf spielen und dabei Gutes tun\" width=\"300\" height=\"201\" srcset=\"https:\/\/giveachance.de\/wp-content\/uploads\/2016\/11\/P1070691-300x201.jpg 300w, https:\/\/giveachance.de\/wp-content\/uploads\/2016\/11\/P1070691-768x514.jpg 768w, https:\/\/giveachance.de\/wp-content\/uploads\/2016\/11\/P1070691-1024x685.jpg 1024w\" sizes=\"auto, (max-width: 300px) 100vw, 300px\" \/><br \/>\nSpa\u00df haben. \u00a0Golf spielen.\u00a0Dabei Gutes tun<\/td>\n<td style=\"text-align: center;\"><img loading=\"lazy\" decoding=\"async\" class=\"wp-image-116860 size-medium\" src=\"http:\/\/giveachance.de\/wp-content\/uploads\/2016\/11\/P1070737-300x201.jpg\" alt=\"Gute Laune haben Reiner, Kathrin und Helmut\" width=\"300\" height=\"201\" srcset=\"https:\/\/giveachance.de\/wp-content\/uploads\/2016\/11\/P1070737-300x201.jpg 300w, https:\/\/giveachance.de\/wp-content\/uploads\/2016\/11\/P1070737-768x514.jpg 768w, https:\/\/giveachance.de\/wp-content\/uploads\/2016\/11\/P1070737-1024x685.jpg 1024w\" sizes=\"auto, (max-width: 300px) 100vw, 300px\" \/><br \/>\nGute Laune haben Reiner, Kathrin und Helmut<\/td>\n<\/tr>\n<tr>\n<td style=\"text-align: center;\"><img loading=\"lazy\" decoding=\"async\" class=\"wp-image-116861 size-medium\" src=\"http:\/\/giveachance.de\/wp-content\/uploads\/2016\/11\/P1070750-300x201.jpg\" alt=\"Peter schafft es aus dem Hindernis und geh\u00f6rt zu den Siegern\" width=\"300\" height=\"201\" srcset=\"https:\/\/giveachance.de\/wp-content\/uploads\/2016\/11\/P1070750-300x201.jpg 300w, https:\/\/giveachance.de\/wp-content\/uploads\/2016\/11\/P1070750-768x514.jpg 768w, https:\/\/giveachance.de\/wp-content\/uploads\/2016\/11\/P1070750-1024x685.jpg 1024w\" sizes=\"auto, (max-width: 300px) 100vw, 300px\" \/><br \/>\nPeter schafft es aus dem Hindernis und geh\u00f6rt zu den Siegern<\/td>\n<td style=\"text-align: center;\"><img loading=\"lazy\" decoding=\"async\" class=\"wp-image-116863 size-medium\" src=\"http:\/\/giveachance.de\/wp-content\/uploads\/2016\/11\/P1070701-300x201.jpg\" alt=\"Am Ende...\" width=\"300\" height=\"201\" srcset=\"https:\/\/giveachance.de\/wp-content\/uploads\/2016\/11\/P1070701-300x201.jpg 300w, https:\/\/giveachance.de\/wp-content\/uploads\/2016\/11\/P1070701-768x514.jpg 768w, https:\/\/giveachance.de\/wp-content\/uploads\/2016\/11\/P1070701-1024x685.jpg 1024w\" sizes=\"auto, (max-width: 300px) 100vw, 300px\" \/><br \/>\nErhard, Armin, Thomas und Walter<\/td>\n<td style=\"text-align: center;\"><\/td>\n<\/tr>\n<\/tbody>\n<\/table>\n","protected":false},"excerpt":{"rendered":"<p>Golfen f\u00fcr einen guten Zweck 2010 plante der Golf Club Hohen P\u00e4hl sein Clubhaus umzubauen und zu modernisieren. Im Rahmen eines Ideenwettbewerbs hatten einige Architekten aus dem Club Planvorschl\u00e4ge eingereicht. Durch die Kombination dieser Ideen und eigene Vorschl\u00e4ge konnte ich&hellip; <\/p>\n","protected":false},"author":2,"featured_media":0,"parent":0,"menu_order":0,"comment_status":"closed","ping_status":"closed","template":"","meta":{"footnotes":""},"class_list":["post-116854","page","type-page","status-publish","hentry"],"_links":{"self":[{"href":"https:\/\/giveachance.de\/index.php?rest_route=\/wp\/v2\/pages\/116854","targetHints":{"allow":["GET"]}}],"collection":[{"href":"https:\/\/giveachance.de\/index.php?rest_route=\/wp\/v2\/pages"}],"about":[{"href":"https:\/\/giveachance.de\/index.php?rest_route=\/wp\/v2\/types\/page"}],"author":[{"embeddable":true,"href":"https:\/\/giveachance.de\/index.php?rest_route=\/wp\/v2\/users\/2"}],"replies":[{"embeddable":true,"href":"https:\/\/giveachance.de\/index.php?rest_route=%2Fwp%2Fv2%2Fcomments&post=116854"}],"version-history":[{"count":9,"href":"https:\/\/giveachance.de\/index.php?rest_route=\/wp\/v2\/pages\/116854\/revisions"}],"predecessor-version":[{"id":241718,"href":"https:\/\/giveachance.de\/index.php?rest_route=\/wp\/v2\/pages\/116854\/revisions\/241718"}],"wp:attachment":[{"href":"https:\/\/giveachance.de\/index.php?rest_route=%2Fwp%2Fv2%2Fmedia&parent=116854"}],"curies":[{"name":"wp","href":"https:\/\/api.w.org\/{rel}","templated":true}]}}