{"id":11,"date":"2013-07-02T11:45:27","date_gmt":"2013-07-02T09:45:27","guid":{"rendered":"http:\/\/giveachance.de\/?page_id=11"},"modified":"2016-12-05T17:35:07","modified_gmt":"2016-12-05T15:35:07","slug":"warum-myanmar","status":"publish","type":"page","link":"https:\/\/giveachance.de\/?page_id=11","title":{"rendered":"Warum Myanmar?"},"content":{"rendered":"<p><img loading=\"lazy\" decoding=\"async\" class=\"alignright\" title=\"Gr\u00f6\u00dfte Naturkatastrophen nach Anzahl der Todesopfer bis 2012\" src=\"http:\/\/de.statista.com\/graphic\/1\/156963\/naturkatastrophen-nach-todesopfern-seit-1980.jpg\" alt=\"Gr\u00f6\u00dfte Naturkatastrophen nach Anzahl der Todesopfer bis 2012\" width=\"428\" height=\"362\" \/><br \/>\n2008 verw\u00fcstete der tropische Wirbelsturm \u201eNargis\u201c die K\u00fcstenregionen Myanmars. Dieser schreckliche Zyklon, der zu den 10 folgenschwersten St\u00fcrmen seit der Wetteraufzeichnung z\u00e4hlte, fegte mit \u00fcber 220 km\/h \u00fcber das Irrawaddy-Delta und zerst\u00f6rte dort alles.<\/p>\n<p>Rund 140.000 Menschen verloren ihr Leben. Viele, die den Zyklon \u00fcberlebten, ertranken beim anschlie\u00dfenden Hochwasser, unz\u00e4hlige Waisenkinder blieben alleine zur\u00fcck.<\/p>\n<p>Durch die Katastrophe wurden nicht nur die meisten Geb\u00e4ude (93% aller Schulen) und die Infrastruktur zerst\u00f6rt, sondern auch hunderttausende Nutztiere get\u00f6tet.<\/p>\n<p>Fassungslos verfolgten wir die Berichterstattung aus Myanmar, viele von uns haben spontan geholfen und gespendet.<\/p>\n<p>Nach anf\u00e4nglichen Schwierigkeiten, die Stra\u00dfen waren \u00fcberflutet, die meisten Boote zerst\u00f6rt und die Regierung hatte Angst, die vielen Helfer ins Land zu lassen, konnte den \u00dcberlebenden endlich geholfen werden.<\/p>\n<p>Mir selbst haben dort helfende \u00c4rzte von Interplast, die ich bis dahin unterst\u00fctzt hatte, geraten, beim Wiederaufbau von Schulen zu helfen.<\/p>\n<p>Nach einem Jahr zogen die meisten Hilfsorganisationen weiter, denn es gab irgendwo auf der Welt eine neue Katastrophe, neue Hilfsbed\u00fcrftige.<\/p>\n<p>Wir blieben. Nicht nur weil wir keine halbfertigen Bauruinen hinterlassen wollten, sondern weil wir die Menschen mit all ihren Problemen vor Ort pers\u00f6nlich kennen gelernt haben.<\/p>\n<div id=\"attachment_1745\" style=\"width: 754px\" class=\"wp-caption aligncenter\"><img loading=\"lazy\" decoding=\"async\" aria-describedby=\"caption-attachment-1745\" class=\"wp-image-1745 size-full\" src=\"http:\/\/giveachance.de\/wp-content\/uploads\/2013\/07\/Maynmar.jpg\" alt=\"Maynmar\" width=\"744\" height=\"181\" srcset=\"https:\/\/giveachance.de\/wp-content\/uploads\/2013\/07\/Maynmar.jpg 744w, https:\/\/giveachance.de\/wp-content\/uploads\/2013\/07\/Maynmar-300x72.jpg 300w\" sizes=\"auto, (max-width: 744px) 100vw, 744px\" \/><p id=\"caption-attachment-1745\" class=\"wp-caption-text\">Alle Dorfbewohner helfen mit ihre Schule neu aufzubauen.<\/p><\/div>\n<p><i>Wichtig ist die Hilfe zur Selbsthilfe, armen Menschen darin zu st\u00e4rken ihr Leben selbst in die Hand zu nehmen.\u00a0 <\/i><\/p>\n<p><em>Die Erfahrung zeigt, dass eine ernst gemeinte \u201eHilfe zur Selbsthilfe\u201c oftmals die beste Hilfe ist, die wir leisten k\u00f6nnen. Selbstverst\u00e4ndlich k\u00f6nnen wir nicht \u00fcberall und jedem helfen. Gemeinsam versuchen wir aber so viele Menschen wie m\u00f6glich zu erreichen.\u201c<\/em><\/p>\n<div id=\"attachment_116807\" style=\"width: 710px\" class=\"wp-caption aligncenter\"><img loading=\"lazy\" decoding=\"async\" aria-describedby=\"caption-attachment-116807\" class=\"wp-image-116807 size-large\" src=\"http:\/\/giveachance.de\/wp-content\/uploads\/2013\/07\/P1020154-1024x768.jpg\" alt=\"Mittags gibt es Reis und einen kleinen Hering. Das muss reichen.\" width=\"700\" height=\"525\" srcset=\"https:\/\/giveachance.de\/wp-content\/uploads\/2013\/07\/P1020154-1024x768.jpg 1024w, https:\/\/giveachance.de\/wp-content\/uploads\/2013\/07\/P1020154-300x225.jpg 300w, https:\/\/giveachance.de\/wp-content\/uploads\/2013\/07\/P1020154-768x576.jpg 768w\" sizes=\"auto, (max-width: 700px) 100vw, 700px\" \/><p id=\"caption-attachment-116807\" class=\"wp-caption-text\">Mittags gibt es Reis und einen kleinen Hering. Das muss reichen.<\/p><\/div>\n","protected":false},"excerpt":{"rendered":"<p>2008 verw\u00fcstete der tropische Wirbelsturm \u201eNargis\u201c die K\u00fcstenregionen Myanmars. Dieser schreckliche Zyklon, der zu den 10 folgenschwersten St\u00fcrmen seit der Wetteraufzeichnung z\u00e4hlte, fegte mit \u00fcber 220 km\/h \u00fcber das Irrawaddy-Delta und zerst\u00f6rte dort alles. Rund 140.000 Menschen verloren ihr Leben.&hellip; <\/p>\n","protected":false},"author":1,"featured_media":0,"parent":0,"menu_order":0,"comment_status":"closed","ping_status":"open","template":"","meta":{"footnotes":""},"class_list":["post-11","page","type-page","status-publish","hentry"],"_links":{"self":[{"href":"https:\/\/giveachance.de\/index.php?rest_route=\/wp\/v2\/pages\/11","targetHints":{"allow":["GET"]}}],"collection":[{"href":"https:\/\/giveachance.de\/index.php?rest_route=\/wp\/v2\/pages"}],"about":[{"href":"https:\/\/giveachance.de\/index.php?rest_route=\/wp\/v2\/types\/page"}],"author":[{"embeddable":true,"href":"https:\/\/giveachance.de\/index.php?rest_route=\/wp\/v2\/users\/1"}],"replies":[{"embeddable":true,"href":"https:\/\/giveachance.de\/index.php?rest_route=%2Fwp%2Fv2%2Fcomments&post=11"}],"version-history":[{"count":14,"href":"https:\/\/giveachance.de\/index.php?rest_route=\/wp\/v2\/pages\/11\/revisions"}],"predecessor-version":[{"id":117969,"href":"https:\/\/giveachance.de\/index.php?rest_route=\/wp\/v2\/pages\/11\/revisions\/117969"}],"wp:attachment":[{"href":"https:\/\/giveachance.de\/index.php?rest_route=%2Fwp%2Fv2%2Fmedia&parent=11"}],"curies":[{"name":"wp","href":"https:\/\/api.w.org\/{rel}","templated":true}]}}